{"id":860,"date":"2019-03-26T10:33:17","date_gmt":"2019-03-26T14:33:17","guid":{"rendered":"https:\/\/aiahighfivesforkids.ca\/?page_id=860"},"modified":"2026-04-07T10:06:59","modified_gmt":"2026-04-07T14:06:59","slug":"bourses-detudes-arthur-paulin-du-marche-secondaire-de-lautomobile","status":"publish","type":"page","link":"https:\/\/mail.aiahighfivesforkids.ca\/fr\/bourses-detudes-arthur-paulin-du-marche-secondaire-de-lautomobile\/","title":{"rendered":"Bourses d&rsquo;\u00e9tudes Arthur Paulin du march\u00e9 secondaire de l&rsquo;automobile"},"content":{"rendered":"<p>La bourse d\u2019\u00e9tudes Arthur Paulin du march\u00e9 secondaire de l\u2019automobile porte le nom d\u2019Arthur Paulin, un b\u00e9n\u00e9vole de longue date \u00e0 l\u2019Association des industries de l\u2019automobile du Canada (AIA Canada). En tant que pr\u00e9sident de H.\u00a0Paulin and Company Limited pendant plus de 35 ans et pr\u00e9sident du conseil d\u2019administration de l\u2019AIA Canada en 1990, Arthur a toujours \u00e9t\u00e9 passionn\u00e9 par l\u2019innovation et a constamment stimul\u00e9 le d\u00e9veloppement de nouveaux produits, d\u2019emballages et de catalogues am\u00e9lior\u00e9s. M.\u00a0Paulin a \u00e9t\u00e9 \u00e0 la fois un enseignant et un mentor pour beaucoup. Il a si\u00e9g\u00e9 au conseil d\u2019administration de l\u2019AIA Canada pendant plus de neuf ans et a occup\u00e9 le poste de pr\u00e9sident du conseil de l\u2019administration de l\u2019AIA Canada de 1965 \u00e0 1966 et de 1967 \u00e0 1968. M.\u00a0Paulin, un ardent d\u00e9fenseur de l\u2019\u00e9ducation, serait certainement fier de savoir que cette bourse continue de soutenir la prochaine g\u00e9n\u00e9ration de professionnels de l\u2019industrie automobile.<\/p>\n<h2><strong>Objectifs du programme<\/strong><\/h2>\n<p>Le programme de bourses d\u2019\u00e9tudes Arthur Paulin du march\u00e9 secondaire de l\u2019automobile a \u00e9t\u00e9 cr\u00e9\u00e9 par des membres de l\u2019<a href=\"https:\/\/www.aiacanada.com\/fr\/\">Association des industries de l\u2019automobile du Canada (AIA Canada)<\/a>. Le programme vise \u00e0 soutenir les \u00e9l\u00e8ves qui souhaitent poursuivre leurs \u00e9tudes dans le domaine de l\u2019automobile. Chaque ann\u00e9e, les b\u00e9n\u00e9ficiaires s\u00e9lectionn\u00e9s re\u00e7oivent une <strong>bourse de 700\u00a0$<\/strong> pour couvrir une partie de leurs frais de scolarit\u00e9.<\/p>\n<p>Ce programme a \u00e9t\u00e9 \u00e9tabli dans le but de\u00a0:<\/p>\n<ul>\n<li>Fournir une <strong>aide financi\u00e8re de 700\u00a0$<\/strong> aux \u00e9l\u00e8ves m\u00e9ritants qui \u00e9tudient dans le secteur du march\u00e9 secondaire de l\u2019automobile<\/li>\n<li>Promouvoir le professionnalisme au sein de l\u2019industrie du march\u00e9 secondaire de l\u2019automobile (\u00e9galement appel\u00e9e industrie de l\u2019entretien et de la r\u00e9paration automobile),<\/li>\n<li>Faire conna\u00eetre les opportunit\u00e9s de carri\u00e8re dans le secteur du march\u00e9 secondaire de l\u2019automobile et attirer de nouveaux talents,<\/li>\n<li>Am\u00e9liorer les connaissances de l\u2019industrie et soutenir l\u2019innovation dans le domaine automobile.<\/li>\n<\/ul>\n<h2><strong>Admissibilit\u00e9<\/strong><\/h2>\n<p>Pour \u00eatre admissible \u00e0 la bourse d\u2019\u00e9tudes Arthur Paulin du march\u00e9 secondaire de l\u2019automobile, les candidats doivent \u00eatre\u00a0:<\/p>\n<ul>\n<li>Inscrit dans un programme ou un programme d\u2019\u00e9tude li\u00e9 \u00e0 l\u2019industrie du march\u00e9 secondaire de l\u2019automobile \u00e0 un coll\u00e8ge ou \u00e0 une universit\u00e9 du Canada.\n<ul>\n<li>Cela comprend les \u00e9l\u00e8ves qui poursuivent leurs \u00e9tudes dans un ou plusieurs des domaines suivants\u00a0:\n<ul>\n<li>Apprentissage en automobile,<\/li>\n<li>R\u00e9paration de carrosserie automobile,<\/li>\n<li>Pi\u00e8ces m\u00e9caniques,<\/li>\n<li>M\u00e9canique de v\u00e9hicules lourds<\/li>\n<li>Force motrice (par exemple, machinistes en automobile).<\/li>\n<\/ul>\n<\/li>\n<\/ul>\n<\/li>\n<\/ul>\n<h2><strong>Crit\u00e8res de s\u00e9lection<\/strong><\/h2>\n<p>En plus de remplir le formulaire officiel de demande de bourse, les candidats \u00e0 la bourse d\u2019\u00e9tudes Arthur Paulin du march\u00e9 secondaire de l\u2019automobile <strong>doivent fournir<\/strong> la documentation suivante\u00a0:<\/p>\n<ul>\n<li><strong>Une d\u00e9claration personnelle\u00a0: <\/strong>Une lettre du demandeur \u00e9non\u00e7ant ses objectifs \u00e0 long terme dans le domaine du march\u00e9 secondaire de l\u2019automobile. Cette lettre devrait aussi exposer bri\u00e8vement les raisons pour lesquelles ils pensent qu\u2019on devrait envisager leur candidature \u00e0 cette bourse. Les candidats sont encourag\u00e9s \u00e0 inclure un bref r\u00e9sum\u00e9 de leur exp\u00e9rience acad\u00e9mique et professionnelle pertinente.<\/li>\n<li><strong>Recommandation de l\u2019instructeur\u00a0: <\/strong>Une lettre du principal instructeur automobile du candidat indiquant pourquoi le candidat m\u00e9rite la bourse. La lettre peut mettre en \u00e9vidence ses r\u00e9alisations acad\u00e9miques, ses comp\u00e9tences techniques, son professionnalisme, son \u00e9thique de travail, sa capacit\u00e9 \u00e0 travailler en \u00e9quipe, son attention aux d\u00e9tails, son initiative, ainsi que son potentiel.<\/li>\n<li><strong>Relev\u00e9 de notes\u00a0: <\/strong>Une copie du dossier scolaire le plus r\u00e9cent du candidat. Il devrait contenir les r\u00e9sultats scolaires et les r\u00e9alisations en lien avec le secteur de l\u2019automobile.<\/li>\n<li><strong>R\u00e9sum\u00e9 du leadership et de la participation communautaire\u00a0: <\/strong>Une br\u00e8ve description des comp\u00e9tences en leadership d\u00e9montr\u00e9es par le demandeur et de son engagement communautaire. Ces exp\u00e9riences n\u2019ont pas besoin d\u2019\u00eatre directement li\u00e9es au secteur automobile, bienfaisance ou des groupes communautaires et la participation \u00e0 titre de membre d\u2019un club de service, mais elles devraient montrer une participation active dans leur \u00e9cole ou leur milieu communautaire. Les exemples incluent, sans s\u2019y limiter, les r\u00f4les de leadership des \u00e9l\u00e8ves (comme celui de pr\u00e9sident de classe), le b\u00e9n\u00e9volat aupr\u00e8s d\u2019organismes de bienfaisance ou de groupes communautaires ainsi que la participation \u00e0 un club de service.<\/li>\n<li><strong>\u00c9valuation financi\u00e8re\u00a0: <\/strong>Il est essentiel de fournir des d\u00e9tails sur la situation financi\u00e8re du demandeur en ce qui concerne sa capacit\u00e9 \u00e0 poursuivre des \u00e9tudes dans le domaine de l\u2019automobile. Les candidats doivent clairement d\u00e9montrer leurs besoins financiers. Cette d\u00e9claration doit inclure\u00a0:\n<ul>\n<li>Les difficult\u00e9s financi\u00e8res actuelles\u2009;<\/li>\n<li>Les bourses, subventions ou prix d\u00e9j\u00e0 re\u00e7us\u2009;<\/li>\n<li>Comment ces facteurs influencent leur capacit\u00e9 \u00e0 financer et \u00e0 poursuivre leurs \u00e9tudes.<\/li>\n<\/ul>\n<\/li>\n<\/ul>\n<p><strong>P\u00e9riode de candidature\u00a0: <\/strong>du 30\u00a0juin au 30\u00a0septembre de chaque ann\u00e9e.<\/p>\n<h2><strong>Pour pr\u00e9senter une demande<\/strong><\/h2>\n<p>La p\u00e9riode de candidature pour cette ann\u00e9e est termin\u00e9e. Pr\u00e9parez-vous \u2014 elle rouvrira le 30 juin et nous avons h\u00e2te de recevoir votre candidature!<\/p>\n","protected":false},"excerpt":{"rendered":"<p>La bourse d\u2019\u00e9tudes Arthur Paulin du march\u00e9 secondaire de l\u2019automobile porte le nom d\u2019Arthur Paulin, un b\u00e9n\u00e9vole de longue date \u00e0 l\u2019Association des industries de l\u2019automobile du Canada (AIA Canada). En tant que pr\u00e9sident de H.\u00a0Paulin and Company Limited pendant plus de 35 ans et pr\u00e9sident du conseil d\u2019administration de l\u2019AIA Canada en 1990, Arthur [&hellip;]<\/p>\n","protected":false},"author":5,"featured_media":0,"parent":0,"menu_order":0,"comment_status":"closed","ping_status":"closed","template":"","meta":{"_acf_changed":false,"_genesis_hide_title":false,"_genesis_hide_breadcrumbs":false,"_genesis_hide_singular_image":false,"_genesis_hide_footer_widgets":false,"_genesis_custom_body_class":"","_genesis_custom_post_class":"","_genesis_layout":"","footnotes":""},"class_list":{"0":"post-860","1":"page","2":"type-page","3":"status-publish","5":"entry"},"acf":[],"yoast_head":"<!-- This site is optimized with the Yoast SEO plugin v24.4 - https:\/\/yoast.com\/wordpress\/plugins\/seo\/ -->\n<title>Bourses d&#039;\u00e9tudes Arthur Paulin du march\u00e9 secondaire de l&#039;automobile - AIA High Fives For Kids Foundation<\/title>\n<meta name=\"robots\" content=\"index, follow, max-snippet:-1, max-image-preview:large, max-video-preview:-1\" \/>\n<link rel=\"canonical\" href=\"https:\/\/www.uncoupdemainpourlesenfants.com\/fr\/bourses-detudes-arthur-paulin-du-marche-secondaire-de-lautomobile\/\" \/>\n<meta property=\"og:locale\" content=\"fr_FR\" \/>\n<meta property=\"og:type\" content=\"article\" \/>\n<meta property=\"og:title\" content=\"Bourses d&#039;\u00e9tudes Arthur Paulin du march\u00e9 secondaire de l&#039;automobile - AIA High Fives For Kids Foundation\" \/>\n<meta property=\"og:description\" content=\"La bourse d\u2019\u00e9tudes Arthur Paulin du march\u00e9 secondaire de l\u2019automobile porte le nom d\u2019Arthur Paulin, un b\u00e9n\u00e9vole de longue date \u00e0 l\u2019Association des industries de l\u2019automobile du Canada (AIA Canada). En tant que pr\u00e9sident de H.\u00a0Paulin and Company Limited pendant plus de 35 ans et pr\u00e9sident du conseil d\u2019administration de l\u2019AIA Canada en 1990, Arthur [&hellip;]\" \/>\n<meta property=\"og:url\" content=\"https:\/\/www.uncoupdemainpourlesenfants.com\/fr\/bourses-detudes-arthur-paulin-du-marche-secondaire-de-lautomobile\/\" \/>\n<meta property=\"og:site_name\" content=\"AIA High Fives For Kids Foundation\" \/>\n<meta property=\"article:modified_time\" content=\"2026-04-07T14:06:59+00:00\" \/>\n<meta name=\"twitter:card\" content=\"summary_large_image\" \/>\n<meta name=\"twitter:label1\" content=\"Dur\u00e9e de lecture estim\u00e9e\" \/>\n\t<meta name=\"twitter:data1\" content=\"4 minutes\" \/>\n<script type=\"application\/ld+json\" class=\"yoast-schema-graph\">{\"@context\":\"https:\/\/schema.org\",\"@graph\":[{\"@type\":\"WebPage\",\"@id\":\"https:\/\/www.uncoupdemainpourlesenfants.com\/fr\/bourses-detudes-arthur-paulin-du-marche-secondaire-de-lautomobile\/\",\"url\":\"https:\/\/www.uncoupdemainpourlesenfants.com\/fr\/bourses-detudes-arthur-paulin-du-marche-secondaire-de-lautomobile\/\",\"name\":\"Bourses d'\u00e9tudes Arthur Paulin du march\u00e9 secondaire de l'automobile - AIA High Fives For Kids Foundation\",\"isPartOf\":{\"@id\":\"https:\/\/www.uncoupdemainpourlesenfants.com\/en\/#website\"},\"datePublished\":\"2019-03-26T14:33:17+00:00\",\"dateModified\":\"2026-04-07T14:06:59+00:00\",\"breadcrumb\":{\"@id\":\"https:\/\/www.uncoupdemainpourlesenfants.com\/fr\/bourses-detudes-arthur-paulin-du-marche-secondaire-de-lautomobile\/#breadcrumb\"},\"inLanguage\":\"fr-FR\",\"potentialAction\":[{\"@type\":\"ReadAction\",\"target\":[\"https:\/\/www.uncoupdemainpourlesenfants.com\/fr\/bourses-detudes-arthur-paulin-du-marche-secondaire-de-lautomobile\/\"]}]},{\"@type\":\"BreadcrumbList\",\"@id\":\"https:\/\/www.uncoupdemainpourlesenfants.com\/fr\/bourses-detudes-arthur-paulin-du-marche-secondaire-de-lautomobile\/#breadcrumb\",\"itemListElement\":[{\"@type\":\"ListItem\",\"position\":1,\"name\":\"Home\",\"item\":\"https:\/\/www.uncoupdemainpourlesenfants.com\/en\/\"},{\"@type\":\"ListItem\",\"position\":2,\"name\":\"Bourses d&rsquo;\u00e9tudes Arthur Paulin du march\u00e9 secondaire de l&rsquo;automobile\"}]},{\"@type\":\"WebSite\",\"@id\":\"https:\/\/www.uncoupdemainpourlesenfants.com\/en\/#website\",\"url\":\"https:\/\/www.uncoupdemainpourlesenfants.com\/en\/\",\"name\":\"AIA High Fives For Kids Foundation\",\"description\":\"\",\"potentialAction\":[{\"@type\":\"SearchAction\",\"target\":{\"@type\":\"EntryPoint\",\"urlTemplate\":\"https:\/\/www.uncoupdemainpourlesenfants.com\/en\/?s={search_term_string}\"},\"query-input\":{\"@type\":\"PropertyValueSpecification\",\"valueRequired\":true,\"valueName\":\"search_term_string\"}}],\"inLanguage\":\"fr-FR\"}]}<\/script>\n<!-- \/ Yoast SEO plugin. -->","yoast_head_json":{"title":"Bourses d'\u00e9tudes Arthur Paulin du march\u00e9 secondaire de l'automobile - AIA High Fives For Kids Foundation","robots":{"index":"index","follow":"follow","max-snippet":"max-snippet:-1","max-image-preview":"max-image-preview:large","max-video-preview":"max-video-preview:-1"},"canonical":"https:\/\/www.uncoupdemainpourlesenfants.com\/fr\/bourses-detudes-arthur-paulin-du-marche-secondaire-de-lautomobile\/","og_locale":"fr_FR","og_type":"article","og_title":"Bourses d'\u00e9tudes Arthur Paulin du march\u00e9 secondaire de l'automobile - AIA High Fives For Kids Foundation","og_description":"La bourse d\u2019\u00e9tudes Arthur Paulin du march\u00e9 secondaire de l\u2019automobile porte le nom d\u2019Arthur Paulin, un b\u00e9n\u00e9vole de longue date \u00e0 l\u2019Association des industries de l\u2019automobile du Canada (AIA Canada). En tant que pr\u00e9sident de H.\u00a0Paulin and Company Limited pendant plus de 35 ans et pr\u00e9sident du conseil d\u2019administration de l\u2019AIA Canada en 1990, Arthur [&hellip;]","og_url":"https:\/\/www.uncoupdemainpourlesenfants.com\/fr\/bourses-detudes-arthur-paulin-du-marche-secondaire-de-lautomobile\/","og_site_name":"AIA High Fives For Kids Foundation","article_modified_time":"2026-04-07T14:06:59+00:00","twitter_card":"summary_large_image","twitter_misc":{"Dur\u00e9e de lecture estim\u00e9e":"4 minutes"},"schema":{"@context":"https:\/\/schema.org","@graph":[{"@type":"WebPage","@id":"https:\/\/www.uncoupdemainpourlesenfants.com\/fr\/bourses-detudes-arthur-paulin-du-marche-secondaire-de-lautomobile\/","url":"https:\/\/www.uncoupdemainpourlesenfants.com\/fr\/bourses-detudes-arthur-paulin-du-marche-secondaire-de-lautomobile\/","name":"Bourses d'\u00e9tudes Arthur Paulin du march\u00e9 secondaire de l'automobile - AIA High Fives For Kids Foundation","isPartOf":{"@id":"https:\/\/www.uncoupdemainpourlesenfants.com\/en\/#website"},"datePublished":"2019-03-26T14:33:17+00:00","dateModified":"2026-04-07T14:06:59+00:00","breadcrumb":{"@id":"https:\/\/www.uncoupdemainpourlesenfants.com\/fr\/bourses-detudes-arthur-paulin-du-marche-secondaire-de-lautomobile\/#breadcrumb"},"inLanguage":"fr-FR","potentialAction":[{"@type":"ReadAction","target":["https:\/\/www.uncoupdemainpourlesenfants.com\/fr\/bourses-detudes-arthur-paulin-du-marche-secondaire-de-lautomobile\/"]}]},{"@type":"BreadcrumbList","@id":"https:\/\/www.uncoupdemainpourlesenfants.com\/fr\/bourses-detudes-arthur-paulin-du-marche-secondaire-de-lautomobile\/#breadcrumb","itemListElement":[{"@type":"ListItem","position":1,"name":"Home","item":"https:\/\/www.uncoupdemainpourlesenfants.com\/en\/"},{"@type":"ListItem","position":2,"name":"Bourses d&rsquo;\u00e9tudes Arthur Paulin du march\u00e9 secondaire de l&rsquo;automobile"}]},{"@type":"WebSite","@id":"https:\/\/www.uncoupdemainpourlesenfants.com\/en\/#website","url":"https:\/\/www.uncoupdemainpourlesenfants.com\/en\/","name":"AIA High Fives For Kids Foundation","description":"","potentialAction":[{"@type":"SearchAction","target":{"@type":"EntryPoint","urlTemplate":"https:\/\/www.uncoupdemainpourlesenfants.com\/en\/?s={search_term_string}"},"query-input":{"@type":"PropertyValueSpecification","valueRequired":true,"valueName":"search_term_string"}}],"inLanguage":"fr-FR"}]}},"_links":{"self":[{"href":"https:\/\/mail.aiahighfivesforkids.ca\/fr\/wp-json\/wp\/v2\/pages\/860"}],"collection":[{"href":"https:\/\/mail.aiahighfivesforkids.ca\/fr\/wp-json\/wp\/v2\/pages"}],"about":[{"href":"https:\/\/mail.aiahighfivesforkids.ca\/fr\/wp-json\/wp\/v2\/types\/page"}],"author":[{"embeddable":true,"href":"https:\/\/mail.aiahighfivesforkids.ca\/fr\/wp-json\/wp\/v2\/users\/5"}],"replies":[{"embeddable":true,"href":"https:\/\/mail.aiahighfivesforkids.ca\/fr\/wp-json\/wp\/v2\/comments?post=860"}],"version-history":[{"count":10,"href":"https:\/\/mail.aiahighfivesforkids.ca\/fr\/wp-json\/wp\/v2\/pages\/860\/revisions"}],"predecessor-version":[{"id":1425,"href":"https:\/\/mail.aiahighfivesforkids.ca\/fr\/wp-json\/wp\/v2\/pages\/860\/revisions\/1425"}],"wp:attachment":[{"href":"https:\/\/mail.aiahighfivesforkids.ca\/fr\/wp-json\/wp\/v2\/media?parent=860"}],"curies":[{"name":"wp","href":"https:\/\/api.w.org\/{rel}","templated":true}]}}