{"id":914,"date":"2019-07-02T14:28:29","date_gmt":"2019-07-02T18:28:29","guid":{"rendered":"https:\/\/aiahighfivesforkids.ca\/?page_id=914"},"modified":"2025-05-07T08:58:56","modified_gmt":"2025-05-07T12:58:56","slug":"bourse-detudes-de-la-fondation-un-coup-de-main-pour-les-enfants-de-laia-canada","status":"publish","type":"page","link":"https:\/\/mail.aiahighfivesforkids.ca\/fr\/bourse-detudes-de-la-fondation-un-coup-de-main-pour-les-enfants-de-laia-canada\/","title":{"rendered":"Bourse d\u2019\u00e9tudes de la Fondation AIA Un coup de main pour les enfants"},"content":{"rendered":"<p>La <strong>bourse d\u2019\u00e9tudes de la Fondation AIA Un coup de main pour les enfants<\/strong>, s\u2019inscrit dans le cadre de l\u2019engagement de la Fondation AIA Un coup de main pour les enfants \u00e0 soutenir la prochaine g\u00e9n\u00e9ration par l\u2019\u00e9ducation et les possibilit\u00e9s. <strong>Cette bourse de 1\u2009000\u00a0$<\/strong> est offerte chaque ann\u00e9e pour reconna\u00eetre et r\u00e9compenser les \u00e9l\u00e8ves qui font preuve de r\u00e9ussite scolaire, de forces personnelles et d\u2019engagement communautaire. Ouverte aux enfants des employ\u00e9s des entreprises membres en r\u00e8gle de l\u2019Association des industries de l\u2019automobile du Canada (AIA Canada), la bourse refl\u00e8te nos valeurs d\u2019encouragement, de responsabilisation et de don de soi \u2013 aider les \u00e9l\u00e8ves \u00e0 atteindre leurs objectifs, quel que soit le domaine d\u2019\u00e9tudes choisi.<\/p>\n<h2><strong>Crit\u00e8res de s\u00e9lection<\/strong><\/h2>\n<ul>\n<li>Doit \u00eatre l\u2019enfant d\u2019un employ\u00e9 \u00e0 temps plein d\u2019une entreprise membre en r\u00e8gle de l\u2019<a href=\"https:\/\/www.aiacanada.com\/fr\/\">Association des industries de l\u2019automobile du Canada (AIA Canada)<\/a> (les cotisations de l\u2019ann\u00e9e en cours doivent \u00eatre pay\u00e9es pour que le candidat soit admissible \u00e0 cette bourse).<\/li>\n<li>La confirmation de l\u2019emploi du parent doit \u00eatre fournie par la soci\u00e9t\u00e9 membre de l\u2019AIA Canada sous forme d\u2019une lettre de confirmation d\u2019emploi.<\/li>\n<li>Le demandeur doit \u00eatre inscrit \u00e0 un programme postsecondaire \u00e0 temps plein menant \u00e0 un certificat ou un dipl\u00f4me dans une universit\u00e9, un coll\u00e8ge ou une \u00e9cole technique agr\u00e9\u00e9e.<\/li>\n<\/ul>\n<p>Les demandeurs doivent pr\u00e9senter\u00a0:<\/p>\n<ul>\n<li style=\"list-style-type: none;\">\n<ul>\n<li>Formulaire de demande d\u00fbment rempli<\/li>\n<li>une r\u00e9daction d\u2019une (1) page expliquant pourquoi ils devraient \u00eatre consid\u00e9r\u00e9s \u2014 en mettant en valeur leurs r\u00e9alisations et leur exp\u00e9rience b\u00e9n\u00e9vole,<\/li>\n<li>une lettre de recommandation d\u2019un corps enseignant ou d\u2019un membre de la communaut\u00e9,<\/li>\n<li>une preuve d\u2019inscription \u00e0 un programme postsecondaire \u00e0 temps plein menant \u00e0 un certificat ou \u00e0 un dipl\u00f4me dans une universit\u00e9, un coll\u00e8ge ou une \u00e9cole technique accr\u00e9dit\u00e9s.<\/li>\n<\/ul>\n<\/li>\n<\/ul>\n<ul>\n<li>Un candidat peut soumettre des photos mettant en valeur ses activit\u00e9s et r\u00e9alisations, toutefois, cela est optionnel.<\/li>\n<\/ul>\n<p>Note\u00a0:<\/p>\n<ul>\n<li>Les candidats peuvent soumettre leur candidature sous forme de vid\u00e9o, mais une preuve d\u2019inscription est toujours requise.<\/li>\n<li>La s\u00e9lection des candidats est bas\u00e9e sur leur r\u00e9ussite scolaire (pas n\u00e9cessairement dans le domaine de l\u2019automobile), sur leurs comp\u00e9tences, leur engagement dans des activit\u00e9s parascolaires ou sur des comp\u00e9tences particuli\u00e8res.<\/li>\n<li>Les personnes choisies recevront une subvention de <strong>1<\/strong><strong>\u2009<\/strong><strong>000<\/strong><strong>$<\/strong>.<\/li>\n<\/ul>\n<p><strong>P\u00e9riode de candidature\u00a0: <\/strong>du 30\u00a0juin au 30\u00a0septembre de chaque ann\u00e9e.<\/p>\n<h2><strong>Pour pr\u00e9senter une demande<\/strong><\/h2>\n<p>La p\u00e9riode de candidature pour cette ann\u00e9e est termin\u00e9e. Pr\u00e9parez-vous \u2014 elle rouvrira le 30 juin et nous avons h\u00e2te de recevoir votre candidature !<\/p>\n","protected":false},"excerpt":{"rendered":"<p>La bourse d\u2019\u00e9tudes de la Fondation AIA Un coup de main pour les enfants, s\u2019inscrit dans le cadre de l\u2019engagement de la Fondation AIA Un coup de main pour les enfants \u00e0 soutenir la prochaine g\u00e9n\u00e9ration par l\u2019\u00e9ducation et les possibilit\u00e9s. Cette bourse de 1\u2009000\u00a0$ est offerte chaque ann\u00e9e pour reconna\u00eetre et r\u00e9compenser les \u00e9l\u00e8ves [&hellip;]<\/p>\n","protected":false},"author":5,"featured_media":0,"parent":0,"menu_order":0,"comment_status":"closed","ping_status":"closed","template":"","meta":{"_acf_changed":false,"_genesis_hide_title":false,"_genesis_hide_breadcrumbs":false,"_genesis_hide_singular_image":false,"_genesis_hide_footer_widgets":false,"_genesis_custom_body_class":"","_genesis_custom_post_class":"","_genesis_layout":"","footnotes":""},"class_list":{"0":"post-914","1":"page","2":"type-page","3":"status-publish","5":"entry"},"acf":[],"yoast_head":"<!-- This site is optimized with the Yoast SEO plugin v24.4 - https:\/\/yoast.com\/wordpress\/plugins\/seo\/ -->\n<title>Bourse d\u2019\u00e9tudes de la Fondation AIA Un coup de main pour les enfants - AIA High Fives For Kids Foundation<\/title>\n<meta name=\"robots\" content=\"index, follow, max-snippet:-1, max-image-preview:large, max-video-preview:-1\" \/>\n<link rel=\"canonical\" href=\"https:\/\/aiauncoupdemainpourlesenfants.com\/fr\/bourse-detudes-de-la-fondation-un-coup-de-main-pour-les-enfants-de-laia-canada\/\" \/>\n<meta property=\"og:locale\" content=\"fr_FR\" \/>\n<meta property=\"og:type\" content=\"article\" \/>\n<meta property=\"og:title\" content=\"Bourse d\u2019\u00e9tudes de la Fondation AIA Un coup de main pour les enfants - AIA High Fives For Kids Foundation\" \/>\n<meta property=\"og:description\" content=\"La bourse d\u2019\u00e9tudes de la Fondation AIA Un coup de main pour les enfants, s\u2019inscrit dans le cadre de l\u2019engagement de la Fondation AIA Un coup de main pour les enfants \u00e0 soutenir la prochaine g\u00e9n\u00e9ration par l\u2019\u00e9ducation et les possibilit\u00e9s. Cette bourse de 1\u2009000\u00a0$ est offerte chaque ann\u00e9e pour reconna\u00eetre et r\u00e9compenser les \u00e9l\u00e8ves [&hellip;]\" \/>\n<meta property=\"og:url\" content=\"https:\/\/aiauncoupdemainpourlesenfants.com\/fr\/bourse-detudes-de-la-fondation-un-coup-de-main-pour-les-enfants-de-laia-canada\/\" \/>\n<meta property=\"og:site_name\" content=\"AIA High Fives For Kids Foundation\" \/>\n<meta property=\"article:modified_time\" content=\"2025-05-07T12:58:56+00:00\" \/>\n<meta name=\"twitter:card\" content=\"summary_large_image\" \/>\n<meta name=\"twitter:label1\" content=\"Dur\u00e9e de lecture estim\u00e9e\" \/>\n\t<meta name=\"twitter:data1\" content=\"2 minutes\" \/>\n<script type=\"application\/ld+json\" class=\"yoast-schema-graph\">{\"@context\":\"https:\/\/schema.org\",\"@graph\":[{\"@type\":\"WebPage\",\"@id\":\"https:\/\/aiauncoupdemainpourlesenfants.com\/fr\/bourse-detudes-de-la-fondation-un-coup-de-main-pour-les-enfants-de-laia-canada\/\",\"url\":\"https:\/\/aiauncoupdemainpourlesenfants.com\/fr\/bourse-detudes-de-la-fondation-un-coup-de-main-pour-les-enfants-de-laia-canada\/\",\"name\":\"Bourse d\u2019\u00e9tudes de la Fondation AIA Un coup de main pour les enfants - AIA High Fives For Kids Foundation\",\"isPartOf\":{\"@id\":\"https:\/\/mail.aiahighfivesforkids.ca\/en\/#website\"},\"datePublished\":\"2019-07-02T18:28:29+00:00\",\"dateModified\":\"2025-05-07T12:58:56+00:00\",\"breadcrumb\":{\"@id\":\"https:\/\/aiauncoupdemainpourlesenfants.com\/fr\/bourse-detudes-de-la-fondation-un-coup-de-main-pour-les-enfants-de-laia-canada\/#breadcrumb\"},\"inLanguage\":\"fr-FR\",\"potentialAction\":[{\"@type\":\"ReadAction\",\"target\":[\"https:\/\/aiauncoupdemainpourlesenfants.com\/fr\/bourse-detudes-de-la-fondation-un-coup-de-main-pour-les-enfants-de-laia-canada\/\"]}]},{\"@type\":\"BreadcrumbList\",\"@id\":\"https:\/\/aiauncoupdemainpourlesenfants.com\/fr\/bourse-detudes-de-la-fondation-un-coup-de-main-pour-les-enfants-de-laia-canada\/#breadcrumb\",\"itemListElement\":[{\"@type\":\"ListItem\",\"position\":1,\"name\":\"Home\",\"item\":\"https:\/\/mail.aiahighfivesforkids.ca\/en\/\"},{\"@type\":\"ListItem\",\"position\":2,\"name\":\"Bourse d\u2019\u00e9tudes de la Fondation AIA Un coup de main pour les enfants\"}]},{\"@type\":\"WebSite\",\"@id\":\"https:\/\/mail.aiahighfivesforkids.ca\/en\/#website\",\"url\":\"https:\/\/mail.aiahighfivesforkids.ca\/en\/\",\"name\":\"AIA High Fives For Kids Foundation\",\"description\":\"\",\"potentialAction\":[{\"@type\":\"SearchAction\",\"target\":{\"@type\":\"EntryPoint\",\"urlTemplate\":\"https:\/\/mail.aiahighfivesforkids.ca\/en\/?s={search_term_string}\"},\"query-input\":{\"@type\":\"PropertyValueSpecification\",\"valueRequired\":true,\"valueName\":\"search_term_string\"}}],\"inLanguage\":\"fr-FR\"}]}<\/script>\n<!-- \/ Yoast SEO plugin. -->","yoast_head_json":{"title":"Bourse d\u2019\u00e9tudes de la Fondation AIA Un coup de main pour les enfants - AIA High Fives For Kids Foundation","robots":{"index":"index","follow":"follow","max-snippet":"max-snippet:-1","max-image-preview":"max-image-preview:large","max-video-preview":"max-video-preview:-1"},"canonical":"https:\/\/aiauncoupdemainpourlesenfants.com\/fr\/bourse-detudes-de-la-fondation-un-coup-de-main-pour-les-enfants-de-laia-canada\/","og_locale":"fr_FR","og_type":"article","og_title":"Bourse d\u2019\u00e9tudes de la Fondation AIA Un coup de main pour les enfants - AIA High Fives For Kids Foundation","og_description":"La bourse d\u2019\u00e9tudes de la Fondation AIA Un coup de main pour les enfants, s\u2019inscrit dans le cadre de l\u2019engagement de la Fondation AIA Un coup de main pour les enfants \u00e0 soutenir la prochaine g\u00e9n\u00e9ration par l\u2019\u00e9ducation et les possibilit\u00e9s. Cette bourse de 1\u2009000\u00a0$ est offerte chaque ann\u00e9e pour reconna\u00eetre et r\u00e9compenser les \u00e9l\u00e8ves [&hellip;]","og_url":"https:\/\/aiauncoupdemainpourlesenfants.com\/fr\/bourse-detudes-de-la-fondation-un-coup-de-main-pour-les-enfants-de-laia-canada\/","og_site_name":"AIA High Fives For Kids Foundation","article_modified_time":"2025-05-07T12:58:56+00:00","twitter_card":"summary_large_image","twitter_misc":{"Dur\u00e9e de lecture estim\u00e9e":"2 minutes"},"schema":{"@context":"https:\/\/schema.org","@graph":[{"@type":"WebPage","@id":"https:\/\/aiauncoupdemainpourlesenfants.com\/fr\/bourse-detudes-de-la-fondation-un-coup-de-main-pour-les-enfants-de-laia-canada\/","url":"https:\/\/aiauncoupdemainpourlesenfants.com\/fr\/bourse-detudes-de-la-fondation-un-coup-de-main-pour-les-enfants-de-laia-canada\/","name":"Bourse d\u2019\u00e9tudes de la Fondation AIA Un coup de main pour les enfants - AIA High Fives For Kids Foundation","isPartOf":{"@id":"https:\/\/mail.aiahighfivesforkids.ca\/en\/#website"},"datePublished":"2019-07-02T18:28:29+00:00","dateModified":"2025-05-07T12:58:56+00:00","breadcrumb":{"@id":"https:\/\/aiauncoupdemainpourlesenfants.com\/fr\/bourse-detudes-de-la-fondation-un-coup-de-main-pour-les-enfants-de-laia-canada\/#breadcrumb"},"inLanguage":"fr-FR","potentialAction":[{"@type":"ReadAction","target":["https:\/\/aiauncoupdemainpourlesenfants.com\/fr\/bourse-detudes-de-la-fondation-un-coup-de-main-pour-les-enfants-de-laia-canada\/"]}]},{"@type":"BreadcrumbList","@id":"https:\/\/aiauncoupdemainpourlesenfants.com\/fr\/bourse-detudes-de-la-fondation-un-coup-de-main-pour-les-enfants-de-laia-canada\/#breadcrumb","itemListElement":[{"@type":"ListItem","position":1,"name":"Home","item":"https:\/\/mail.aiahighfivesforkids.ca\/en\/"},{"@type":"ListItem","position":2,"name":"Bourse d\u2019\u00e9tudes de la Fondation AIA Un coup de main pour les enfants"}]},{"@type":"WebSite","@id":"https:\/\/mail.aiahighfivesforkids.ca\/en\/#website","url":"https:\/\/mail.aiahighfivesforkids.ca\/en\/","name":"AIA High Fives For Kids Foundation","description":"","potentialAction":[{"@type":"SearchAction","target":{"@type":"EntryPoint","urlTemplate":"https:\/\/mail.aiahighfivesforkids.ca\/en\/?s={search_term_string}"},"query-input":{"@type":"PropertyValueSpecification","valueRequired":true,"valueName":"search_term_string"}}],"inLanguage":"fr-FR"}]}},"_links":{"self":[{"href":"https:\/\/mail.aiahighfivesforkids.ca\/fr\/wp-json\/wp\/v2\/pages\/914"}],"collection":[{"href":"https:\/\/mail.aiahighfivesforkids.ca\/fr\/wp-json\/wp\/v2\/pages"}],"about":[{"href":"https:\/\/mail.aiahighfivesforkids.ca\/fr\/wp-json\/wp\/v2\/types\/page"}],"author":[{"embeddable":true,"href":"https:\/\/mail.aiahighfivesforkids.ca\/fr\/wp-json\/wp\/v2\/users\/5"}],"replies":[{"embeddable":true,"href":"https:\/\/mail.aiahighfivesforkids.ca\/fr\/wp-json\/wp\/v2\/comments?post=914"}],"version-history":[{"count":11,"href":"https:\/\/mail.aiahighfivesforkids.ca\/fr\/wp-json\/wp\/v2\/pages\/914\/revisions"}],"predecessor-version":[{"id":1394,"href":"https:\/\/mail.aiahighfivesforkids.ca\/fr\/wp-json\/wp\/v2\/pages\/914\/revisions\/1394"}],"wp:attachment":[{"href":"https:\/\/mail.aiahighfivesforkids.ca\/fr\/wp-json\/wp\/v2\/media?parent=914"}],"curies":[{"name":"wp","href":"https:\/\/api.w.org\/{rel}","templated":true}]}}